{"id":957,"date":"2025-05-11T16:02:56","date_gmt":"2025-05-11T16:02:56","guid":{"rendered":"https:\/\/tecnoviq.ma\/?post_type=product&#038;p=957"},"modified":"2025-10-02T04:03:01","modified_gmt":"2025-10-02T04:03:01","slug":"batterie-de-compensation-denergie-reactive-5-a-50kvar","status":"publish","type":"product","link":"https:\/\/tecnoviq.ma\/fr\/produit\/batterie-de-compensation-denergie-reactive-5-a-50kvar\/","title":{"rendered":"Batterie de compensation d&#8217;\u00e9nergie r\u00e9active 5 \u00e0 50Kvar"},"content":{"rendered":"","protected":false},"excerpt":{"rendered":"","protected":false},"featured_media":958,"comment_status":"open","ping_status":"closed","template":"","meta":[],"product_brand":[],"product_cat":[68],"product_tag":[],"class_list":{"0":"post-957","1":"product","2":"type-product","3":"status-publish","4":"has-post-thumbnail","6":"product_cat-automate","8":"first","9":"instock","10":"featured","11":"shipping-taxable","12":"product-type-simple"},"_links":{"self":[{"href":"https:\/\/tecnoviq.ma\/fr\/wp-json\/wp\/v2\/product\/957","targetHints":{"allow":["GET"]}}],"collection":[{"href":"https:\/\/tecnoviq.ma\/fr\/wp-json\/wp\/v2\/product"}],"about":[{"href":"https:\/\/tecnoviq.ma\/fr\/wp-json\/wp\/v2\/types\/product"}],"replies":[{"embeddable":true,"href":"https:\/\/tecnoviq.ma\/fr\/wp-json\/wp\/v2\/comments?post=957"}],"wp:featuredmedia":[{"embeddable":true,"href":"https:\/\/tecnoviq.ma\/fr\/wp-json\/wp\/v2\/media\/958"}],"wp:attachment":[{"href":"https:\/\/tecnoviq.ma\/fr\/wp-json\/wp\/v2\/media?parent=957"}],"wp:term":[{"taxonomy":"product_brand","embeddable":true,"href":"https:\/\/tecnoviq.ma\/fr\/wp-json\/wp\/v2\/product_brand?post=957"},{"taxonomy":"product_cat","embeddable":true,"href":"https:\/\/tecnoviq.ma\/fr\/wp-json\/wp\/v2\/product_cat?post=957"},{"taxonomy":"product_tag","embeddable":true,"href":"https:\/\/tecnoviq.ma\/fr\/wp-json\/wp\/v2\/product_tag?post=957"}],"curies":[{"name":"wp","href":"https:\/\/api.w.org\/{rel}","templated":true}]}}