{"id":948,"date":"2025-05-10T13:10:34","date_gmt":"2025-05-10T13:10:34","guid":{"rendered":"https:\/\/tecnoviq.ma\/?post_type=product&#038;p=948"},"modified":"2025-10-02T04:03:28","modified_gmt":"2025-10-02T04:03:28","slug":"cellule-3240","status":"publish","type":"product","link":"https:\/\/tecnoviq.ma\/fr\/produit\/cellule-3240\/","title":{"rendered":"Cellule Barrage PNP P=80m Pot. Laser LO\/DO \/ M12 4P"},"content":{"rendered":"<p><strong>Titre<\/strong>\u00a0: Cellule Barrage PNP P=80m Pot. Laser LO\/DO \/ M12 4P<\/p>\n<p>Vous recherchez un capteur photo\u00e9lectrique performant et fiable pour vos applications industrielles ? D\u00e9couvrez la Cellule Barrage PNP de la marque Sick, sp\u00e9cialement con\u00e7ue pour r\u00e9pondre \u00e0 vos besoins en mati\u00e8re de d\u00e9tection.<\/p>\n<ul>\n<li><strong>Format<\/strong>\u00a0: Parall\u00e9l\u00e9pip\u00e9dique<\/li>\n<li><strong>Principe du capteur<\/strong>\u00a0: Barri\u00e8re<\/li>\n<li><strong>Principe de d\u00e9tection<\/strong>\u00a0: \u00c9metteur-r\u00e9cepteur<\/li>\n<li><strong>Distance de commutation max.<\/strong>\u00a0: De 0 m \u00e0 80 m<\/li>\n<li><strong>R\u00e9glage<\/strong>\u00a0: Potentiom\u00e8tre<\/li>\n<li><strong>Source d&#8217;\u00e9mission<\/strong>\u00a0: Laser, Lumi\u00e8re rouge visible de Classe 1<\/li>\n<li><strong>Taille du spot lumineux (distance)<\/strong>\u00a0: \u00d8 150 mm \u00e0 60 m<\/li>\n<li><strong>Sortie de commutation<\/strong>\u00a0: PNP<\/li>\n<li><strong>Mode de commutation<\/strong>\u00a0: Commutation claire\/sombre<\/li>\n<li><strong>Fr\u00e9quence de commutation<\/strong>\u00a0: 1.000 Hz<\/li>\n<li><strong>Raccordement<\/strong>\u00a0: Connecteur m\u00e2le M12, 4 p\u00f4les, orientable<\/li>\n<li><strong>Tension d&#8217;alimentation<\/strong>\u00a0: De 10 \u00e0 30Vdc<\/li>\n<li><strong>Dimensions<\/strong>\u00a0: 15 mm x 49 mm x 41,5 mm (l x H x P)<\/li>\n<li><strong>Mat\u00e9riau du bo\u00eetier<\/strong>\u00a0: M\u00e9tal<\/li>\n<li><strong>Indice de protection<\/strong>\u00a0: IP67, IP69K<\/li>\n<li><strong>Temp\u00e9rature de fonctionnement<\/strong>\u00a0: De -10 \u00b0C \u00e0 +50 \u00b0C<\/li>\n<li><strong>Compris dans la livraison<\/strong>\u00a0: 2 x entretoise, vis comprises<\/li>\n<li><strong>R\u00e9f\u00e9rences des composants<\/strong>\u00a0: (2051073) WS12L-2D431, (2051074) WE12L-2P431<\/li>\n<li><strong>S\u00e9rie<\/strong>\u00a0: W12-2 Laser<\/li>\n<\/ul>\n<p>La Cellule Barrage PNP de Sick est un choix id\u00e9al pour assurer une d\u00e9tection pr\u00e9cise et fiable dans des environnements industriels exigeants. Sa conception robuste en m\u00e9tal et son indice de protection IP67 et IP69K garantissent une durabilit\u00e9 et une performance optimale. De plus, sa facilit\u00e9 de r\u00e9glage gr\u00e2ce au potentiom\u00e8tre et sa haute fr\u00e9quence de commutation de 1.000 Hz en font un outil polyvalent pour diverses applications.<\/p>\n<p>Ne cherchez plus, optez pour la qualit\u00e9 et la fiabilit\u00e9 avec la Cellule Barrage PNP de Sick, le d\u00e9tecteur photo\u00e9lectrique qui r\u00e9pondra \u00e0 toutes vos attentes en mati\u00e8re de d\u00e9tection industrielle.<\/p>","protected":false},"excerpt":{"rendered":"<section class=\"product-discounts product-reference_top product-reference\"><label class=\"label\"><strong>R\u00e9f\u00e9rence<\/strong>:4Y747UYTTY<\/label><\/section>","protected":false},"featured_media":949,"comment_status":"open","ping_status":"closed","template":"","meta":[],"product_brand":[],"product_cat":[68],"product_tag":[],"class_list":{"0":"post-948","1":"product","2":"type-product","3":"status-publish","4":"has-post-thumbnail","6":"product_cat-automate","8":"first","9":"instock","10":"featured","11":"shipping-taxable","12":"product-type-simple"},"_links":{"self":[{"href":"https:\/\/tecnoviq.ma\/fr\/wp-json\/wp\/v2\/product\/948","targetHints":{"allow":["GET"]}}],"collection":[{"href":"https:\/\/tecnoviq.ma\/fr\/wp-json\/wp\/v2\/product"}],"about":[{"href":"https:\/\/tecnoviq.ma\/fr\/wp-json\/wp\/v2\/types\/product"}],"replies":[{"embeddable":true,"href":"https:\/\/tecnoviq.ma\/fr\/wp-json\/wp\/v2\/comments?post=948"}],"wp:featuredmedia":[{"embeddable":true,"href":"https:\/\/tecnoviq.ma\/fr\/wp-json\/wp\/v2\/media\/949"}],"wp:attachment":[{"href":"https:\/\/tecnoviq.ma\/fr\/wp-json\/wp\/v2\/media?parent=948"}],"wp:term":[{"taxonomy":"product_brand","embeddable":true,"href":"https:\/\/tecnoviq.ma\/fr\/wp-json\/wp\/v2\/product_brand?post=948"},{"taxonomy":"product_cat","embeddable":true,"href":"https:\/\/tecnoviq.ma\/fr\/wp-json\/wp\/v2\/product_cat?post=948"},{"taxonomy":"product_tag","embeddable":true,"href":"https:\/\/tecnoviq.ma\/fr\/wp-json\/wp\/v2\/product_tag?post=948"}],"curies":[{"name":"wp","href":"https:\/\/api.w.org\/{rel}","templated":true}]}}