{"id":1057,"date":"2026-03-28T00:53:35","date_gmt":"2026-03-28T00:53:35","guid":{"rendered":"https:\/\/tecnoviq.ma\/?post_type=product&#038;p=1057"},"modified":"2026-03-28T10:06:52","modified_gmt":"2026-03-28T10:06:52","slug":"xs-detecteur-inductif-metal-m12-l62mm-noyable-sn4mm-dc3-pnp-no-m12","status":"publish","type":"product","link":"https:\/\/tecnoviq.ma\/fr\/produit\/xs-detecteur-inductif-metal-m12-l62mm-noyable-sn4mm-dc3-pnp-no-m12\/","title":{"rendered":"XS d\u00e9tecteur inductif m\u00e9tal &#8211; M12 L62mm noyable Sn4mm DC3-PNP NO &#8211; M12"},"content":{"rendered":"<div>\n<h2 class=\"ds-mb-1\"><span style=\"color: #3366ff;\">Caract\u00e9ristiques principales<\/span><\/h2>\n<ul class=\"pl-4 ds-mb-0 main-specs\">\n<li>type de construction du bo\u00eetier\u00a0<b class=\"fw-semibold\">cylindre, filetage<\/b><\/li>\n<li>Finition du raccordement \u00e9lectrique\u00a0<b class=\"fw-semibold\">connecteur M12<\/b><\/li>\n<li>distance de commutation\u00a0<b class=\"fw-semibold\">4\u00a0mm<\/b><\/li>\n<\/ul>\n<\/div>\n<div class=\"ds-mb-4 ds-mb-lc-0\">\n<p class=\"product-description-short ds-mb-0\">TeSensors XS capteur inductif usage g\u00e9n\u00e9ral cylindrique m\u00e9tal filet\u00e9 M12 &#8211; L62mm &#8211; noyable Sn4mm &#8211; NO &#8211; PNP &#8211; 3 fils DC 12-48V &#8211; connecteur M12 &#8211; IP 65-67-69K &#8211; UL, CSA, CE, E2 &#8211; d\u00e9tecteur de proximit\u00e9 &#8211; fin de course sans contact<\/p>\n<\/div>","protected":false},"excerpt":{"rendered":"<p>Caract\u00e9ristiques principales type de construction du bo\u00eetier\u00a0cylindre, filetage Finition du raccordement \u00e9lectrique\u00a0connecteur M12 distance de commutation\u00a04\u00a0mm TeSensors XS capteur inductif usage g\u00e9n\u00e9ral cylindrique m\u00e9tal filet\u00e9 M12 &#8211; L62mm &#8211; noyable Sn4mm &#8211; NO &#8211; PNP &#8211; 3 fils DC 12-48V &#8211; connecteur M12 &#8211; IP 65-67-69K &#8211; UL, CSA, CE, E2 &#8211; d\u00e9tecteur de proximit\u00e9 [&#8230;]\n","protected":false},"featured_media":1059,"comment_status":"open","ping_status":"closed","template":"","meta":[],"product_brand":[],"product_cat":[68],"product_tag":[148],"class_list":{"0":"post-1057","1":"product","2":"type-product","3":"status-publish","4":"has-post-thumbnail","6":"product_cat-automate","7":"product_tag-touramec","9":"first","10":"instock","11":"featured","12":"shipping-taxable","13":"purchasable","14":"product-type-simple"},"_links":{"self":[{"href":"https:\/\/tecnoviq.ma\/fr\/wp-json\/wp\/v2\/product\/1057","targetHints":{"allow":["GET"]}}],"collection":[{"href":"https:\/\/tecnoviq.ma\/fr\/wp-json\/wp\/v2\/product"}],"about":[{"href":"https:\/\/tecnoviq.ma\/fr\/wp-json\/wp\/v2\/types\/product"}],"replies":[{"embeddable":true,"href":"https:\/\/tecnoviq.ma\/fr\/wp-json\/wp\/v2\/comments?post=1057"}],"wp:featuredmedia":[{"embeddable":true,"href":"https:\/\/tecnoviq.ma\/fr\/wp-json\/wp\/v2\/media\/1059"}],"wp:attachment":[{"href":"https:\/\/tecnoviq.ma\/fr\/wp-json\/wp\/v2\/media?parent=1057"}],"wp:term":[{"taxonomy":"product_brand","embeddable":true,"href":"https:\/\/tecnoviq.ma\/fr\/wp-json\/wp\/v2\/product_brand?post=1057"},{"taxonomy":"product_cat","embeddable":true,"href":"https:\/\/tecnoviq.ma\/fr\/wp-json\/wp\/v2\/product_cat?post=1057"},{"taxonomy":"product_tag","embeddable":true,"href":"https:\/\/tecnoviq.ma\/fr\/wp-json\/wp\/v2\/product_tag?post=1057"}],"curies":[{"name":"wp","href":"https:\/\/api.w.org\/{rel}","templated":true}]}}